{"id":287,"date":"2024-10-28T15:34:33","date_gmt":"2024-10-28T15:34:33","guid":{"rendered":"https:\/\/abilis.net\/?page_id=287"},"modified":"2025-05-22T12:35:42","modified_gmt":"2025-05-22T11:35:42","slug":"telephony","status":"publish","type":"page","link":"https:\/\/abilis.net\/it\/telephony\/","title":{"rendered":"Telefonia"},"content":{"rendered":"<div class=\"wp-block-cover alignfull is-light\" style=\"padding-top:0;padding-right:0;padding-bottom:0;padding-left:0;min-height:620px;aspect-ratio:unset;\"><img loading=\"lazy\" decoding=\"async\" width=\"1920\" height=\"1200\" class=\"wp-block-cover__image-background wp-image-27\" alt=\"\" src=\"https:\/\/abilis.net\/wp-content\/uploads\/2024\/10\/Background-first-section.png\" style=\"object-position:54% 70%\" data-object-fit=\"cover\" data-object-position=\"54% 70%\" srcset=\"https:\/\/abilis.net\/wp-content\/uploads\/2024\/10\/Background-first-section.png 1920w, https:\/\/abilis.net\/wp-content\/uploads\/2024\/10\/Background-first-section-300x188.png 300w, https:\/\/abilis.net\/wp-content\/uploads\/2024\/10\/Background-first-section-1024x640.png 1024w, https:\/\/abilis.net\/wp-content\/uploads\/2024\/10\/Background-first-section-768x480.png 768w, https:\/\/abilis.net\/wp-content\/uploads\/2024\/10\/Background-first-section-1536x960.png 1536w\" sizes=\"auto, (max-width: 1920px) 100vw, 1920px\" \/><span aria-hidden=\"true\" class=\"wp-block-cover__background has-ast-global-color-5-background-color has-background-dim-0 has-background-dim\"><\/span><div class=\"wp-block-cover__inner-container is-layout-flow wp-block-cover-is-layout-flow\">\n<div class=\"inherit-container-width wp-block-group alignwide is-layout-constrained wp-container-core-group-is-layout-4e5def35 wp-block-group-is-layout-constrained\" style=\"padding-right:var(--wp--preset--spacing--50);padding-left:var(--wp--preset--spacing--50)\">\n<div class=\"wp-block-columns alignwide p-100-mob has-text-color has-link-color wp-elements-7ac6ee0f849645e0b64daa0a2ca36460 is-layout-flex wp-container-core-columns-is-layout-78befe2a wp-block-columns-is-layout-flex\" style=\"color:#5c5f6e;padding-top:200px;padding-right:var(--wp--preset--spacing--60);padding-left:var(--wp--preset--spacing--60)\">\n<div class=\"wp-block-column is-vertically-aligned-center is-layout-flow wp-block-column-is-layout-flow\">\n<h1 class=\"wp-block-heading has-text-align-left has-text-color translation-block\" style=\"color:#5c5f6e;padding-right:var(--wp--preset--spacing--70);padding-left:0\">La <strong>telefonia<\/strong> Abilis<\/h1>\n\n\n\n<p class=\"has-text-color has-link-color wp-elements-156c7730a1f6ac4f5fb982c7fd5b547b\" style=\"color:#5c5f6e\">Il modulo Telefonia ABILIS include un centralino (SoftPBX) che supporta tutti i telefoni standard, ma \u00e8 stato progettato specificamente per utilizzare gli smartphone (con SIM liberamente scelte!) come \u201cinterni PBX\u201d mobili.<\/p>\n\n\n\n<p class=\"has-text-color has-link-color wp-elements-3fd2fdada229166776623f45cb729526\" style=\"color:#5c5f6e\">Questo risultato si ottiene per mezzo della app ABILISphone, disponibile per iPhone ed Android.<\/p>\n<\/div>\n\n\n\n<div class=\"wp-block-column is-layout-flow wp-block-column-is-layout-flow\">\n<figure class=\"wp-block-image aligncenter size-full\"><img loading=\"lazy\" decoding=\"async\" width=\"403\" height=\"506\" src=\"https:\/\/abilis.net\/wp-content\/uploads\/2024\/10\/telephony1-1.png\" alt=\"\" class=\"wp-image-295\" srcset=\"https:\/\/abilis.net\/wp-content\/uploads\/2024\/10\/telephony1-1.png 403w, https:\/\/abilis.net\/wp-content\/uploads\/2024\/10\/telephony1-1-239x300.png 239w\" sizes=\"auto, (max-width: 403px) 100vw, 403px\" \/><\/figure>\n<\/div>\n<\/div>\n<\/div>\n<\/div><\/div>\n\n\n\n<div class=\"wp-block-group alignfull separator has-ast-global-color-5-background-color has-background is-layout-constrained wp-block-group-is-layout-constrained\" id=\"about\" style=\"padding-top:60px;padding-bottom:129px\">\n<div class=\"wp-block-columns is-layout-flex wp-container-core-columns-is-layout-28f84493 wp-block-columns-is-layout-flex\">\n<div class=\"wp-block-column is-layout-flow wp-block-column-is-layout-flow\">\n<h3 class=\"wp-block-heading\" style=\"margin-top:0;margin-bottom:0\">SoftPBX:<\/h3>\n\n\n\n<p>ABILIS ha tutte le funzioni di un PBX moderno:<\/p>\n\n\n\n<ul class=\"wp-block-list\">\n<li>IVR Risponditore Vocale Interattivo, chiamate in coda, \u201cconnettore\u201d CRM, Text-to-Speech, Voice Mail, Voice Recorder.<\/li>\n\n\n\n<li>OPC pannello web per visualizzare lo stato degli interni, lanciare ed accettare chiamate, impostare le preferenze e inviare messaggi.<\/li>\n\n\n\n<li>web-phone,&nbsp;full featured (PCphone)<\/li>\n\n\n\n<li>Statistiche, monitoraggio delle chiamate per utente e per minuto, ritardi nelle risposte e chiamate perse, con avvisi all\u2019amministratore in caso di scarsa qualit\u00e0 del servizio.<\/li>\n\n\n\n<li>Automazione delle chiamate tramite script.<\/li>\n<\/ul>\n<\/div>\n\n\n\n<div class=\"wp-block-column is-vertically-aligned-center is-layout-flow wp-block-column-is-layout-flow\">\n<figure class=\"wp-block-image aligncenter size-full\"><img loading=\"lazy\" decoding=\"async\" width=\"698\" height=\"444\" src=\"https:\/\/abilis.net\/wp-content\/uploads\/2024\/10\/softpbx2.png\" alt=\"\" class=\"wp-image-301\" srcset=\"https:\/\/abilis.net\/wp-content\/uploads\/2024\/10\/softpbx2.png 698w, https:\/\/abilis.net\/wp-content\/uploads\/2024\/10\/softpbx2-300x191.png 300w\" sizes=\"auto, (max-width: 698px) 100vw, 698px\" \/><\/figure>\n<\/div>\n<\/div>\n<\/div>\n\n\n\n<div class=\"wp-block-group alignfull separator has-ast-global-color-5-background-color has-background is-layout-constrained wp-container-core-group-is-layout-f3b440df wp-block-group-is-layout-constrained\" id=\"about\" style=\"margin-bottom:var(--wp--preset--spacing--70);padding-top:60px;padding-bottom:120px\">\n<div class=\"wp-block-columns is-layout-flex wp-container-core-columns-is-layout-7503d02c wp-block-columns-is-layout-flex\">\n<div class=\"wp-block-column is-vertically-aligned-center is-layout-flow wp-block-column-is-layout-flow\">\n<h3 class=\"wp-block-heading has-text-align-left\">ABILISphone<\/h3>\n\n\n\n<p class=\"translation-block\">ABILISphone \u00e8 <strong>completamente indipendente dall\u2019operatore di rete cellulare.<\/strong><\/p>\n\n\n\n<ul class=\"wp-block-list\">\n<li>it works with <strong>any coverage<\/strong>: WiFi, cellular data, and even with GSM \/ UMTS \/ VoLTE telephone service alone.<\/li>\n\n\n\n<li>Consente ai clienti ABILIS di evitare la necessit\u00e0 di fornire ai dipendenti uno smartphone aziendale. Ogni persona pu\u00f2 utilizzare il proprio smartphone come se fosse il telefono fisso, anche in mobilit\u00e0.<\/li>\n\n\n\n<li>Non genera alcun costo sulla SIM, poich\u00e9 tutte le chiamate vengono instradate (gratuitamente) al centralino aziendale e da l\u00ec alla rete telefonica.<\/li>\n\n\n\n<li>\u00c8 inoltre in grado di segnalare la posizione GPS del cellulare e i suoi spostamenti.<\/li>\n<\/ul>\n<\/div>\n\n\n\n<div class=\"wp-block-column is-vertically-aligned-center is-layout-flow wp-block-column-is-layout-flow\">\n<div class=\"wp-block-columns is-layout-flex wp-container-core-columns-is-layout-28f84493 wp-block-columns-is-layout-flex\">\n<div class=\"wp-block-column is-layout-flow wp-block-column-is-layout-flow\" style=\"flex-basis:100%\">\n<figure class=\"wp-block-image aligncenter size-full is-resized\"><img loading=\"lazy\" decoding=\"async\" width=\"508\" height=\"488\" src=\"https:\/\/abilis.net\/wp-content\/uploads\/2024\/10\/abilisphone-it.png\" alt=\"\" class=\"wp-image-313\" style=\"width:508px\" srcset=\"https:\/\/abilis.net\/wp-content\/uploads\/2024\/10\/abilisphone-it.png 508w, https:\/\/abilis.net\/wp-content\/uploads\/2024\/10\/abilisphone-it-300x288.png 300w, https:\/\/abilis.net\/wp-content\/uploads\/2024\/10\/abilisphone-it-12x12.png 12w\" sizes=\"auto, (max-width: 508px) 100vw, 508px\" \/><\/figure>\n<\/div>\n<\/div>\n<\/div>\n<\/div>\n<\/div>\n\n\n\n<div class=\"wp-block-group alignfull separator has-ast-global-color-5-background-color has-background is-layout-constrained wp-container-core-group-is-layout-cfe1973d wp-block-group-is-layout-constrained\" id=\"about\" style=\"margin-bottom:var(--wp--preset--spacing--80);padding-top:0px;padding-bottom:121px\">\n<div class=\"wp-block-columns is-layout-flex wp-container-core-columns-is-layout-28f84493 wp-block-columns-is-layout-flex\">\n<div class=\"wp-block-column is-layout-flow wp-block-column-is-layout-flow\" style=\"flex-basis:100%\"><\/div>\n<\/div>\n\n\n\n<div class=\"wp-block-columns are-vertically-aligned-top is-layout-flex wp-container-core-columns-is-layout-7503d02c wp-block-columns-is-layout-flex\">\n<div class=\"wp-block-column is-vertically-aligned-top is-layout-flow wp-block-column-is-layout-flow\">\n<h3 class=\"wp-block-heading\" style=\"margin-top:0;margin-bottom:0\">ABILIS smart working<\/h3>\n\n\n\n<h4 class=\"wp-block-heading has-text-color has-link-color wp-elements-a16821d12ba05ea824bb4c3a4a388dfa translation-block\" style=\"color:#5c5f6e\">INSTALLATE IL VOSTRO UFFICIO <strong>OVUNQUE<\/strong><\/h4>\n\n\n\n<p>ABILIS apre connessioni protette\/cifrate VPN ai servers \naziendali ed al centralino telefonico ed offre lo stesso livello di qualit\u00e0, sicurezza e comfort che si ha in sede.<\/p>\n\n\n\n<ul class=\"wp-block-list\">\n<li>Consuma poca energia (meno di 10 watt a 12 volt) e occupa uno spazio minimo.<\/li>\n\n\n\n<li>Permette il collegamento di un microfono e altoparlante (o cuffie) con funzioni telefoniche collegate al centralino aziendale.<\/li>\n\n\n\n<li>Offre ai manager la possibilit\u00e0 di controllare tutti i siti VPN come se fossero in loco.<\/li>\n<\/ul>\n<\/div>\n\n\n\n<div class=\"wp-block-column is-vertically-aligned-top is-layout-flow wp-block-column-is-layout-flow\">\n<figure class=\"wp-block-image aligncenter size-full is-resized\"><img loading=\"lazy\" decoding=\"async\" width=\"416\" height=\"416\" src=\"https:\/\/abilis.net\/wp-content\/uploads\/2024\/10\/beach-work-workspace-1.png\" alt=\"\" class=\"wp-image-309\" style=\"width:416px\" srcset=\"https:\/\/abilis.net\/wp-content\/uploads\/2024\/10\/beach-work-workspace-1.png 416w, https:\/\/abilis.net\/wp-content\/uploads\/2024\/10\/beach-work-workspace-1-300x300.png 300w, https:\/\/abilis.net\/wp-content\/uploads\/2024\/10\/beach-work-workspace-1-150x150.png 150w\" sizes=\"auto, (max-width: 416px) 100vw, 416px\" \/><\/figure>\n<\/div>\n<\/div>\n<\/div>","protected":false},"excerpt":{"rendered":"<p>SoftPBX: ABILIS includes all the functions of a modern PBX: ABILISphone ABILISphone is completely independent of the cellular network operator. [&hellip;]<\/p>\n","protected":false},"author":1,"featured_media":0,"parent":0,"menu_order":0,"comment_status":"closed","ping_status":"closed","template":"","meta":{"site-sidebar-layout":"no-sidebar","site-content-layout":"plain-container","ast-site-content-layout":"default","site-content-style":"default","site-sidebar-style":"default","ast-global-header-display":"","ast-banner-title-visibility":"","ast-main-header-display":"","ast-hfb-above-header-display":"","ast-hfb-below-header-display":"","ast-hfb-mobile-header-display":"","site-post-title":"disabled","ast-breadcrumbs-content":"","ast-featured-img":"","footer-sml-layout":"","ast-disable-related-posts":"","theme-transparent-header-meta":"enabled","adv-header-id-meta":"","stick-header-meta":"","header-above-stick-meta":"","header-main-stick-meta":"","header-below-stick-meta":"","astra-migrate-meta-layouts":"default","ast-page-background-enabled":"default","ast-page-background-meta":{"desktop":{"background-color":"var(--ast-global-color-4)","background-image":"","background-repeat":"repeat","background-position":"center center","background-size":"auto","background-attachment":"scroll","background-type":"","background-media":"","overlay-type":"","overlay-color":"","overlay-opacity":"","overlay-gradient":""},"tablet":{"background-color":"","background-image":"","background-repeat":"repeat","background-position":"center center","background-size":"auto","background-attachment":"scroll","background-type":"","background-media":"","overlay-type":"","overlay-color":"","overlay-opacity":"","overlay-gradient":""},"mobile":{"background-color":"","background-image":"","background-repeat":"repeat","background-position":"center center","background-size":"auto","background-attachment":"scroll","background-type":"","background-media":"","overlay-type":"","overlay-color":"","overlay-opacity":"","overlay-gradient":""}},"ast-content-background-meta":{"desktop":{"background-color":"var(--ast-global-color-5)","background-image":"","background-repeat":"repeat","background-position":"center center","background-size":"auto","background-attachment":"scroll","background-type":"","background-media":"","overlay-type":"","overlay-color":"","overlay-opacity":"","overlay-gradient":""},"tablet":{"background-color":"var(--ast-global-color-5)","background-image":"","background-repeat":"repeat","background-position":"center center","background-size":"auto","background-attachment":"scroll","background-type":"","background-media":"","overlay-type":"","overlay-color":"","overlay-opacity":"","overlay-gradient":""},"mobile":{"background-color":"var(--ast-global-color-5)","background-image":"","background-repeat":"repeat","background-position":"center center","background-size":"auto","background-attachment":"scroll","background-type":"","background-media":"","overlay-type":"","overlay-color":"","overlay-opacity":"","overlay-gradient":""}},"footnotes":""},"class_list":["post-287","page","type-page","status-publish","hentry"],"_links":{"self":[{"href":"https:\/\/abilis.net\/it\/wp-json\/wp\/v2\/pages\/287","targetHints":{"allow":["GET"]}}],"collection":[{"href":"https:\/\/abilis.net\/it\/wp-json\/wp\/v2\/pages"}],"about":[{"href":"https:\/\/abilis.net\/it\/wp-json\/wp\/v2\/types\/page"}],"author":[{"embeddable":true,"href":"https:\/\/abilis.net\/it\/wp-json\/wp\/v2\/users\/1"}],"replies":[{"embeddable":true,"href":"https:\/\/abilis.net\/it\/wp-json\/wp\/v2\/comments?post=287"}],"version-history":[{"count":45,"href":"https:\/\/abilis.net\/it\/wp-json\/wp\/v2\/pages\/287\/revisions"}],"predecessor-version":[{"id":1050,"href":"https:\/\/abilis.net\/it\/wp-json\/wp\/v2\/pages\/287\/revisions\/1050"}],"wp:attachment":[{"href":"https:\/\/abilis.net\/it\/wp-json\/wp\/v2\/media?parent=287"}],"curies":[{"name":"wp","href":"https:\/\/api.w.org\/{rel}","templated":true}]}}