{"id":318,"date":"2024-10-28T16:05:17","date_gmt":"2024-10-28T16:05:17","guid":{"rendered":"https:\/\/abilis.net\/?page_id=318"},"modified":"2025-05-27T08:13:45","modified_gmt":"2025-05-27T07:13:45","slug":"all-in-one","status":"publish","type":"page","link":"https:\/\/abilis.net\/it\/all-in-one\/","title":{"rendered":"Tutto-in-uno"},"content":{"rendered":"<div class=\"wp-block-cover alignfull is-light\" style=\"padding-top:0px;padding-bottom:var(--wp--preset--spacing--20);min-height:620px;aspect-ratio:unset;\"><img loading=\"lazy\" decoding=\"async\" width=\"1920\" height=\"1200\" class=\"wp-block-cover__image-background wp-image-27\" alt=\"\" src=\"https:\/\/abilis.net\/wp-content\/uploads\/2024\/10\/Background-first-section.png\" style=\"object-position:54% 70%\" data-object-fit=\"cover\" data-object-position=\"54% 70%\" srcset=\"https:\/\/abilis.net\/wp-content\/uploads\/2024\/10\/Background-first-section.png 1920w, https:\/\/abilis.net\/wp-content\/uploads\/2024\/10\/Background-first-section-300x188.png 300w, https:\/\/abilis.net\/wp-content\/uploads\/2024\/10\/Background-first-section-1024x640.png 1024w, https:\/\/abilis.net\/wp-content\/uploads\/2024\/10\/Background-first-section-768x480.png 768w, https:\/\/abilis.net\/wp-content\/uploads\/2024\/10\/Background-first-section-1536x960.png 1536w\" sizes=\"auto, (max-width: 1920px) 100vw, 1920px\" \/><span aria-hidden=\"true\" class=\"wp-block-cover__background has-ast-global-color-5-background-color has-background-dim-0 has-background-dim\"><\/span><div class=\"wp-block-cover__inner-container is-layout-flow wp-block-cover-is-layout-flow\">\n<div class=\"inherit-container-width wp-block-group alignwide is-layout-constrained wp-container-core-group-is-layout-0046075a wp-block-group-is-layout-constrained\" style=\"padding-top:0;padding-right:0;padding-left:0\">\n<div class=\"wp-block-columns alignwide are-vertically-aligned-center p-100-mob has-text-color has-link-color wp-elements-4b51949d7bcb1dc84397f01fa3fa3539 is-layout-flex wp-container-core-columns-is-layout-392add89 wp-block-columns-is-layout-flex\" style=\"color:#5c5f6e;padding-top:250px;padding-right:var(--wp--preset--spacing--60);padding-bottom:0;padding-left:var(--wp--preset--spacing--60)\">\n<div class=\"wp-block-column is-vertically-aligned-center is-layout-flow wp-block-column-is-layout-flow\">\n<h1 class=\"wp-block-heading has-text-align-left has-text-color\" style=\"color:#5c5f6e;padding-right:var(--wp--preset--spacing--70);padding-left:0\">Tutto-in-<strong>uno<\/strong><\/h1>\n\n\n\n<ul style=\"color:#5c5f6e\" class=\"wp-block-list has-text-color has-link-color wp-elements-2a3a6442f06cbf7a9d537cd5935d2ae2\">\n<li>Necessitate di molte funzionalit\u00e0 di varia natura e desiderate minimizzare la complessit\u00e0?<br><strong>Antek crea per Voi la soluzione ottimale, completa e leggera !<\/strong><\/li>\n\n\n\n<li class=\"translation-block\">Il dover interagire con molti fornitori vi confonde e vi disturba? <br>\n<strong>Antek si candida per essere il Vostro interlocutore \u2018polivalente\u2019.<\/strong><\/li>\n\n\n\n<li class=\"translation-block\">I tele-assistenti Antek conoscono molto bene Abilis, giungono sempre ad una rapida risoluzione dei problemi ed insegnano ai Vostri tecnici (non necessariamente ingegneri) come gestire autonomamente i problemi ricorrenti.<\/li>\n<\/ul>\n\n\n\n<p><strong>Antek vi offre la semplificazione !<\/strong><\/p>\n<\/div>\n\n\n\n<div class=\"wp-block-column is-vertically-aligned-center is-layout-flow wp-block-column-is-layout-flow\">\n<figure class=\"wp-block-image aligncenter size-full\"><img loading=\"lazy\" decoding=\"async\" width=\"403\" height=\"504\" src=\"https:\/\/abilis.net\/wp-content\/uploads\/2024\/10\/all-in-one-1-1.png\" alt=\"\" class=\"wp-image-326\" srcset=\"https:\/\/abilis.net\/wp-content\/uploads\/2024\/10\/all-in-one-1-1.png 403w, https:\/\/abilis.net\/wp-content\/uploads\/2024\/10\/all-in-one-1-1-240x300.png 240w\" sizes=\"auto, (max-width: 403px) 100vw, 403px\" \/><\/figure>\n<\/div>\n<\/div>\n<\/div>\n<\/div><\/div>\n\n\n\n<div class=\"wp-block-group alignfull separator has-ast-global-color-5-background-color has-background is-layout-constrained wp-block-group-is-layout-constrained\" id=\"about\" style=\"padding-top:60px;padding-bottom:129px\">\n<div class=\"wp-block-columns is-layout-flex wp-container-core-columns-is-layout-28f84493 wp-block-columns-is-layout-flex\">\n<div class=\"wp-block-column is-layout-flow wp-block-column-is-layout-flow\">\n<h3 class=\"wp-block-heading\" style=\"margin-top:0;margin-bottom:0\">Perch\u00e9 scegliere Abilis?<\/h3>\n\n\n\n<ul class=\"wp-block-list\">\n<li>perch\u00e9 hai troppi dispositivi o server cloud di cui occuparti.<\/li>\n\n\n\n<li>perch\u00e9 dovete aggiungere funzionalit\u00e0 di rete e automazione al vostro prodotto o sistema e non sapete come gestire la complessit\u00e0 richiesta.<\/li>\n\n\n\n<li>perch\u00e9 preferite parlare con un unico Helpdesk competente, piuttosto che con pi\u00f9 fornitori.<\/li>\n\n\n\n<li>Perch\u00e9 gli assistenti Abilis conoscono a fondo la tua soluzione completa. Pertanto, possono individuare e risolvere rapidamente i problemi e hanno il tempo di mostrare ai tuoi ingegneri cosa fare, nel caso in cui si verifichino nuovamente gli stessi problemi.<\/li>\n\n\n\n<li>In una fase successiva, i clienti potranno gestire le soluzioni in modo autonomo.<\/li>\n<\/ul>\n<\/div>\n\n\n\n<div class=\"wp-block-column is-vertically-aligned-center is-layout-flow wp-block-column-is-layout-flow\">\n<figure class=\"wp-block-image aligncenter size-full is-resized\"><img loading=\"lazy\" decoding=\"async\" width=\"392\" height=\"458\" src=\"https:\/\/abilis.net\/wp-content\/uploads\/2024\/10\/all-in-one-1.png\" alt=\"\" class=\"wp-image-320\" style=\"width:392px\" srcset=\"https:\/\/abilis.net\/wp-content\/uploads\/2024\/10\/all-in-one-1.png 392w, https:\/\/abilis.net\/wp-content\/uploads\/2024\/10\/all-in-one-1-257x300.png 257w\" sizes=\"auto, (max-width: 392px) 100vw, 392px\" \/><\/figure>\n<\/div>\n<\/div>\n<\/div>\n\n\n\n<div class=\"wp-block-group alignfull separator has-ast-global-color-5-background-color has-background is-layout-constrained wp-container-core-group-is-layout-96681a15 wp-block-group-is-layout-constrained\" id=\"about\" style=\"padding-top:60px;padding-bottom:120px\">\n<div class=\"wp-block-columns is-layout-flex wp-container-core-columns-is-layout-7503d02c wp-block-columns-is-layout-flex\">\n<div class=\"wp-block-column is-vertically-aligned-center is-layout-flow wp-block-column-is-layout-flow\">\n<h3 class=\"wp-block-heading\"><strong>Soluzioni create con te e solo per te<\/strong><\/h3>\n\n\n\n<p>Sfruttando il kit di sviluppo (SDK) del sistema Abilis, hai l\u2019opportunit\u00e0 di creare prodotti originali e speciali completamente tuoi.<br>Puoi minimizzare il costo di produzione.<br>E i tuoi concorrenti non possono copiarti!<br>Ad esempio, se produci distributori automatici, puoi utilizzare un unico dispositivo Abilis economico per la loro gestione completa. Chi altro pu\u00f2 offrire lo stesso?<\/p>\n\n\n\n<h3 class=\"wp-block-heading\"><strong>Elevata integrazione tra diverse funzioni<\/strong><\/h3>\n\n\n\n<p>\u00c8 possibile combinare le funzioni di telecomunicazione e automazione e programmarle per esigenze specifiche, come ad esempio l\u2019apertura di un cancello tramite una chiamata a un numero telefonico dedicato da parte di chiamanti con un\u2019autorizzazione temporale specifica.\nL\u2019operatore deve semplicemente inserire il numero telefonico autorizzato e l\u2019intervallo di validit\u00e0 nella pagina dedicata di Abilis.<br>Questa soluzione funziona con tutti i telefoni e non richiede alcuna app.<\/p>\n<\/div>\n\n\n\n<div class=\"wp-block-column is-vertically-aligned-center is-layout-flow wp-block-column-is-layout-flow\">\n<figure class=\"wp-block-image aligncenter size-full is-resized\"><img loading=\"lazy\" decoding=\"async\" width=\"356\" height=\"419\" src=\"https:\/\/abilis.net\/wp-content\/uploads\/2024\/10\/allinone-2.png\" alt=\"\" class=\"wp-image-322\" style=\"width:356px\" srcset=\"https:\/\/abilis.net\/wp-content\/uploads\/2024\/10\/allinone-2.png 356w, https:\/\/abilis.net\/wp-content\/uploads\/2024\/10\/allinone-2-255x300.png 255w\" sizes=\"auto, (max-width: 356px) 100vw, 356px\" \/><\/figure>\n<\/div>\n<\/div>\n<\/div>\n\n\n\n<div class=\"wp-block-group alignfull separator has-ast-global-color-5-background-color has-background is-layout-constrained wp-container-core-group-is-layout-a920eb2f wp-block-group-is-layout-constrained\" id=\"about\" style=\"margin-bottom:var(--wp--preset--spacing--70);padding-top:0px;padding-bottom:120px\">\n<div class=\"wp-block-columns is-layout-flex wp-container-core-columns-is-layout-28f84493 wp-block-columns-is-layout-flex\">\n<div class=\"wp-block-column is-layout-flow wp-block-column-is-layout-flow\" style=\"flex-basis:100%\"><\/div>\n<\/div>\n\n\n\n<div class=\"wp-block-columns are-vertically-aligned-center is-layout-flex wp-container-core-columns-is-layout-7503d02c wp-block-columns-is-layout-flex\">\n<div class=\"wp-block-column is-vertically-aligned-center is-layout-flow wp-block-column-is-layout-flow\">\n<h3 class=\"wp-block-heading\" style=\"margin-top:0;margin-bottom:0\">Risparmio:<\/h3>\n\n\n\n<p>I consumi energetici, la climatizzazione, il cablaggio, le attivit\u00e0 di manutenzione, le disinstallazioni e le nuove installazioni sono ridotti al minimo \u2013 stress compreso!<\/p>\n\n\n\n<h3 class=\"wp-block-heading\" style=\"margin-top:0;margin-bottom:0\">Efficienza:<\/h3>\n\n\n\n<p>I dispositivi Abilis dispongono di una capacit\u00e0 residua molto significativa (tipicamente operano al 10% delle loro prestazioni massime). Questo consente loro di aumentare le funzionalit\u00e0 e adattarsi ai requisiti in evoluzione per molti anni, grazie a semplici aggiornamenti software rilasciati generalmente ogni sei mesi.<br>Pertanto, Abilis ha una durata molto lunga, permettendo ai clienti di evitare ingombranti cambiamenti hardware.<\/p>\n<\/div>\n\n\n\n<div class=\"wp-block-column is-vertically-aligned-center is-layout-flow wp-block-column-is-layout-flow\">\n<figure class=\"wp-block-image aligncenter size-full is-resized\"><img loading=\"lazy\" decoding=\"async\" width=\"490\" height=\"436\" src=\"https:\/\/abilis.net\/wp-content\/uploads\/2024\/10\/less-mess.png\" alt=\"\" class=\"wp-image-321\" style=\"width:490px\" srcset=\"https:\/\/abilis.net\/wp-content\/uploads\/2024\/10\/less-mess.png 490w, https:\/\/abilis.net\/wp-content\/uploads\/2024\/10\/less-mess-300x267.png 300w\" sizes=\"auto, (max-width: 490px) 100vw, 490px\" \/><\/figure>\n<\/div>\n<\/div>\n<\/div>","protected":false},"excerpt":{"rendered":"<p>Why choose Abilis? Solutions created with you and only for you Leveraging the Abilis system development kit (SDK), you have [&hellip;]<\/p>\n","protected":false},"author":1,"featured_media":0,"parent":0,"menu_order":0,"comment_status":"closed","ping_status":"closed","template":"","meta":{"site-sidebar-layout":"no-sidebar","site-content-layout":"plain-container","ast-site-content-layout":"default","site-content-style":"default","site-sidebar-style":"default","ast-global-header-display":"","ast-banner-title-visibility":"","ast-main-header-display":"","ast-hfb-above-header-display":"","ast-hfb-below-header-display":"","ast-hfb-mobile-header-display":"","site-post-title":"disabled","ast-breadcrumbs-content":"","ast-featured-img":"","footer-sml-layout":"","ast-disable-related-posts":"","theme-transparent-header-meta":"enabled","adv-header-id-meta":"","stick-header-meta":"","header-above-stick-meta":"","header-main-stick-meta":"","header-below-stick-meta":"","astra-migrate-meta-layouts":"default","ast-page-background-enabled":"default","ast-page-background-meta":{"desktop":{"background-color":"var(--ast-global-color-4)","background-image":"","background-repeat":"repeat","background-position":"center center","background-size":"auto","background-attachment":"scroll","background-type":"","background-media":"","overlay-type":"","overlay-color":"","overlay-opacity":"","overlay-gradient":""},"tablet":{"background-color":"","background-image":"","background-repeat":"repeat","background-position":"center center","background-size":"auto","background-attachment":"scroll","background-type":"","background-media":"","overlay-type":"","overlay-color":"","overlay-opacity":"","overlay-gradient":""},"mobile":{"background-color":"","background-image":"","background-repeat":"repeat","background-position":"center center","background-size":"auto","background-attachment":"scroll","background-type":"","background-media":"","overlay-type":"","overlay-color":"","overlay-opacity":"","overlay-gradient":""}},"ast-content-background-meta":{"desktop":{"background-color":"var(--ast-global-color-5)","background-image":"","background-repeat":"repeat","background-position":"center center","background-size":"auto","background-attachment":"scroll","background-type":"","background-media":"","overlay-type":"","overlay-color":"","overlay-opacity":"","overlay-gradient":""},"tablet":{"background-color":"var(--ast-global-color-5)","background-image":"","background-repeat":"repeat","background-position":"center center","background-size":"auto","background-attachment":"scroll","background-type":"","background-media":"","overlay-type":"","overlay-color":"","overlay-opacity":"","overlay-gradient":""},"mobile":{"background-color":"var(--ast-global-color-5)","background-image":"","background-repeat":"repeat","background-position":"center center","background-size":"auto","background-attachment":"scroll","background-type":"","background-media":"","overlay-type":"","overlay-color":"","overlay-opacity":"","overlay-gradient":""}},"footnotes":""},"class_list":["post-318","page","type-page","status-publish","hentry"],"_links":{"self":[{"href":"https:\/\/abilis.net\/it\/wp-json\/wp\/v2\/pages\/318","targetHints":{"allow":["GET"]}}],"collection":[{"href":"https:\/\/abilis.net\/it\/wp-json\/wp\/v2\/pages"}],"about":[{"href":"https:\/\/abilis.net\/it\/wp-json\/wp\/v2\/types\/page"}],"author":[{"embeddable":true,"href":"https:\/\/abilis.net\/it\/wp-json\/wp\/v2\/users\/1"}],"replies":[{"embeddable":true,"href":"https:\/\/abilis.net\/it\/wp-json\/wp\/v2\/comments?post=318"}],"version-history":[{"count":45,"href":"https:\/\/abilis.net\/it\/wp-json\/wp\/v2\/pages\/318\/revisions"}],"predecessor-version":[{"id":1055,"href":"https:\/\/abilis.net\/it\/wp-json\/wp\/v2\/pages\/318\/revisions\/1055"}],"wp:attachment":[{"href":"https:\/\/abilis.net\/it\/wp-json\/wp\/v2\/media?parent=318"}],"curies":[{"name":"wp","href":"https:\/\/api.w.org\/{rel}","templated":true}]}}