{"id":334,"date":"2024-10-28T16:16:53","date_gmt":"2024-10-28T16:16:53","guid":{"rendered":"https:\/\/abilis.net\/?page_id=334"},"modified":"2025-05-22T11:21:18","modified_gmt":"2025-05-22T10:21:18","slug":"automation","status":"publish","type":"page","link":"https:\/\/abilis.net\/it\/automation\/","title":{"rendered":"Automazione"},"content":{"rendered":"<div class=\"wp-block-cover alignfull is-light\" style=\"padding-top:0;padding-bottom:0;min-height:620px;aspect-ratio:unset;\"><img loading=\"lazy\" decoding=\"async\" width=\"1920\" height=\"1200\" class=\"wp-block-cover__image-background wp-image-27\" alt=\"\" src=\"https:\/\/abilis.net\/wp-content\/uploads\/2024\/10\/Background-first-section.png\" style=\"object-position:54% 70%\" data-object-fit=\"cover\" data-object-position=\"54% 70%\" srcset=\"https:\/\/abilis.net\/wp-content\/uploads\/2024\/10\/Background-first-section.png 1920w, https:\/\/abilis.net\/wp-content\/uploads\/2024\/10\/Background-first-section-300x188.png 300w, https:\/\/abilis.net\/wp-content\/uploads\/2024\/10\/Background-first-section-1024x640.png 1024w, https:\/\/abilis.net\/wp-content\/uploads\/2024\/10\/Background-first-section-768x480.png 768w, https:\/\/abilis.net\/wp-content\/uploads\/2024\/10\/Background-first-section-1536x960.png 1536w\" sizes=\"auto, (max-width: 1920px) 100vw, 1920px\" \/><span aria-hidden=\"true\" class=\"wp-block-cover__background has-ast-global-color-5-background-color has-background-dim-0 has-background-dim\"><\/span><div class=\"wp-block-cover__inner-container is-layout-flow wp-block-cover-is-layout-flow\">\n<div class=\"inherit-container-width wp-block-group alignwide is-layout-constrained wp-block-group-is-layout-constrained\">\n<div class=\"wp-block-columns alignwide p-100-mob has-text-color has-link-color wp-elements-e32ba57f5096b64fcd9db3c8e3b99126 is-layout-flex wp-container-core-columns-is-layout-a2f8bf95 wp-block-columns-is-layout-flex\" style=\"color:#5c5f6e;padding-top:240px;padding-right:var(--wp--preset--spacing--70);padding-left:var(--wp--preset--spacing--70)\">\n<div class=\"wp-block-column is-layout-flow wp-block-column-is-layout-flow\">\n<h1 class=\"wp-block-heading has-text-align-left has-text-color translation-block\" style=\"color:#5c5f6e;padding-right:var(--wp--preset--spacing--70);padding-left:0\"><strong>Automazione<\/strong> Abilis<\/h1>\n\n\n\n<p>Il modulo d\u2019automazione ABILIS \u00e8 stato realizzato per i clienti esigenti.<br>ABILIS si avvale di Internet e delle reti cellulari, ma funziona perfettamente anche senza.<\/p>\n\n\n\n<ul style=\"color:#5c5f6e\" class=\"wp-block-list has-text-color has-link-color wp-elements-acd8c3504e0f86d718d9ffda36651dd9\">\n<li>Non condivide informazioni private con nessuno al di fuori dell\u2019organizzazione.<\/li>\n\n\n\n<li>Interagisce con il router e il centralino telefonico. Ad esempio, in caso di rischio serio, ABILIS pu\u00f2 inviare un avviso vocale simultaneamente a tutti i cellulari dei dipendenti.<\/li>\n\n\n\n<li>\u00c8 molto veloce: reagisce entro 0,01 secondi.<\/li>\n\n\n\n<li>Non richiede polling: quando ha dati da trasmettere, li invia immediatamente di propria iniziativa.<\/li>\n\n\n\n<li>\u00c8 programmabile, includendo un interprete di script LUA e un \u201cfoglio di calcolo\u201d in cui \u00e8 possibile definire regole, sensori e attuatori. Lo script LUA viene generato automaticamente dal foglio di calcolo.<\/li>\n\n\n\n<li>Pu\u00f2 inviare allarmi tramite SMS, email e chiamate telefoniche riproducendo messaggi preregistrati, senza bisogno di hardware aggiuntivo.<\/li>\n<\/ul>\n<\/div>\n\n\n\n<div class=\"wp-block-column is-vertically-aligned-center is-layout-flow wp-block-column-is-layout-flow\">\n<figure class=\"wp-block-image aligncenter size-full\"><img loading=\"lazy\" decoding=\"async\" width=\"403\" height=\"512\" src=\"https:\/\/abilis.net\/wp-content\/uploads\/2024\/10\/automation-1-1.png\" alt=\"\" class=\"wp-image-338\" srcset=\"https:\/\/abilis.net\/wp-content\/uploads\/2024\/10\/automation-1-1.png 403w, https:\/\/abilis.net\/wp-content\/uploads\/2024\/10\/automation-1-1-236x300.png 236w\" sizes=\"auto, (max-width: 403px) 100vw, 403px\" \/><\/figure>\n<\/div>\n<\/div>\n<\/div>\n<\/div><\/div>\n\n\n\n<div class=\"wp-block-group alignfull separator has-ast-global-color-5-background-color has-background is-layout-constrained wp-container-core-group-is-layout-96681a15 wp-block-group-is-layout-constrained\" id=\"about\" style=\"padding-top:60px;padding-bottom:120px\">\n<div class=\"wp-block-columns is-layout-flex wp-container-core-columns-is-layout-7503d02c wp-block-columns-is-layout-flex\">\n<div class=\"wp-block-column is-vertically-aligned-center is-layout-flow wp-block-column-is-layout-flow\">\n<h3 class=\"wp-block-heading\">La nostra soluzione<\/h3>\n\n\n\n<p>Il modulo di automazione ABILIS agisce come controller centrale, gestendo pi\u00f9 hub di automazione cablati o wireless (\u201cslave\u201d) che non richiedono programmazione individuale, poich\u00e9 la ricevono direttamente da ABILIS.<\/p>\n\n\n\n<p class=\"translation-block\">I valori rilevati dai sensori ed i comandi impartiti agli attuatori vengono memorizzati in un <strong>DataBase di eventi<\/strong> avente una capacit\u00e0 di miliardi di record.<\/p>\n\n\n\n<p>I valori memorizzati nel database \u2014 o quelli in fase di raccolta \u2014 possono essere visualizzati sul pannello web di ABILIS tramite diagrammi configurabili o tabelle numeriche.<\/p>\n<\/div>\n\n\n\n<div class=\"wp-block-column is-vertically-aligned-center is-layout-flow wp-block-column-is-layout-flow\">\n<figure class=\"wp-block-image aligncenter size-full is-resized\"><img loading=\"lazy\" decoding=\"async\" width=\"503\" height=\"326\" src=\"https:\/\/abilis.net\/wp-content\/uploads\/2024\/10\/automation-3-1.png\" alt=\"\" class=\"wp-image-342\" style=\"width:503px;height:auto\" srcset=\"https:\/\/abilis.net\/wp-content\/uploads\/2024\/10\/automation-3-1.png 503w, https:\/\/abilis.net\/wp-content\/uploads\/2024\/10\/automation-3-1-300x194.png 300w\" sizes=\"auto, (max-width: 503px) 100vw, 503px\" \/><\/figure>\n<\/div>\n<\/div>\n<\/div>\n\n\n\n<div class=\"wp-block-group alignfull separator has-ast-global-color-5-background-color has-background is-layout-constrained wp-block-group-is-layout-constrained\" id=\"about\" style=\"padding-top:60px;padding-bottom:129px\">\n<div class=\"wp-block-columns are-vertically-aligned-center is-layout-flex wp-container-core-columns-is-layout-28f84493 wp-block-columns-is-layout-flex\">\n<div class=\"wp-block-column is-vertically-aligned-center is-layout-flow wp-block-column-is-layout-flow\">\n<h3 class=\"wp-block-heading\" style=\"margin-top:0;margin-bottom:0\">Perch\u00e9 scegliere Abilis?<\/h3>\n\n\n\n<ul class=\"wp-block-list\">\n<li>Grazie all\u2019affidabilit\u00e0 e indipendenza eccezionali: Abilis pu\u00f2 utilizzare, ma non dipende da, servizi Cloud o reti mobili.<\/li>\n\n\n\n<li>Perch\u00e9 garantisce completa stabilit\u00e0 e riservatezza.<\/li>\n\n\n\n<li>Perch\u00e9 pu\u00f2 essere installato e mantenuto dall\u2019elettricista dell\u2019azienda.<\/li>\n\n\n\n<li>Perch\u00e9 la comunicazione diretta con il produttore offre accesso a soluzioni personalizzate e a una pronta risoluzione dei problemi.<\/li>\n\n\n\n<li>Perch\u00e9 \u00e8 compatibile con i sensori e attuatori da te preferiti, pi\u00f9 semplici e meno costosi.<\/li>\n<\/ul>\n<\/div>\n\n\n\n<div class=\"wp-block-column is-vertically-aligned-center is-layout-flow wp-block-column-is-layout-flow\">\n<figure class=\"wp-block-image aligncenter size-full is-resized\"><img loading=\"lazy\" decoding=\"async\" width=\"1508\" height=\"1023\" src=\"https:\/\/abilis.net\/wp-content\/uploads\/2024\/12\/automation-eggman.png\" alt=\"\" class=\"wp-image-777\" style=\"width:496px;height:auto\" srcset=\"https:\/\/abilis.net\/wp-content\/uploads\/2024\/12\/automation-eggman.png 1508w, https:\/\/abilis.net\/wp-content\/uploads\/2024\/12\/automation-eggman-300x204.png 300w, https:\/\/abilis.net\/wp-content\/uploads\/2024\/12\/automation-eggman-1024x695.png 1024w, https:\/\/abilis.net\/wp-content\/uploads\/2024\/12\/automation-eggman-768x521.png 768w, https:\/\/abilis.net\/wp-content\/uploads\/2024\/12\/automation-eggman-18x12.png 18w\" sizes=\"auto, (max-width: 1508px) 100vw, 1508px\" \/><\/figure>\n<\/div>\n<\/div>\n<\/div>\n\n\n\n<div class=\"wp-block-group alignfull separator has-ast-global-color-5-background-color has-background is-layout-constrained wp-container-core-group-is-layout-a920eb2f wp-block-group-is-layout-constrained\" id=\"about\" style=\"margin-bottom:var(--wp--preset--spacing--70);padding-top:0px;padding-bottom:120px\">\n<div class=\"wp-block-columns is-layout-flex wp-container-core-columns-is-layout-28f84493 wp-block-columns-is-layout-flex\">\n<div class=\"wp-block-column is-layout-flow wp-block-column-is-layout-flow\" style=\"flex-basis:100%\"><\/div>\n<\/div>\n\n\n\n<div class=\"wp-block-columns are-vertically-aligned-center is-layout-flex wp-container-core-columns-is-layout-7503d02c wp-block-columns-is-layout-flex\">\n<div class=\"wp-block-column is-vertically-aligned-center is-layout-flow wp-block-column-is-layout-flow\">\n<h3 class=\"wp-block-heading\" style=\"margin-top:0;margin-bottom:0\">L'automazione privata \u00e8 la alternativa solare!<\/h3>\n\n\n\n<p>Lascia che il tuo controller di automazione sia il tuo router, perfettamente interconnesso con tutte le reti e sotto il tuo completo controllo.<\/p>\n\n\n\n<p><strong>Automatizza i tuoi sistemi in modo privato!<\/strong><\/p>\n<\/div>\n\n\n\n<div class=\"wp-block-column is-vertically-aligned-center is-layout-flow wp-block-column-is-layout-flow\">\n<figure class=\"wp-block-image aligncenter size-full is-resized\"><img loading=\"lazy\" decoding=\"async\" width=\"450\" height=\"492\" src=\"https:\/\/abilis.net\/wp-content\/uploads\/2024\/10\/sunny.png\" alt=\"\" class=\"wp-image-386\" style=\"width:450px\" srcset=\"https:\/\/abilis.net\/wp-content\/uploads\/2024\/10\/sunny.png 450w, https:\/\/abilis.net\/wp-content\/uploads\/2024\/10\/sunny-274x300.png 274w\" sizes=\"auto, (max-width: 450px) 100vw, 450px\" \/><\/figure>\n<\/div>\n<\/div>\n<\/div>\n\n\n\n<div class=\"wp-block-group alignfull separator has-ast-global-color-5-background-color has-background is-layout-constrained wp-container-core-group-is-layout-96681a15 wp-block-group-is-layout-constrained\" id=\"about\" style=\"padding-top:60px;padding-bottom:120px\">\n<div class=\"wp-block-columns is-layout-flex wp-container-core-columns-is-layout-7503d02c wp-block-columns-is-layout-flex\">\n<div class=\"wp-block-column is-vertically-aligned-center is-layout-flow wp-block-column-is-layout-flow\">\n<h3 class=\"wp-block-heading\">Controllo totale<\/h3>\n\n\n\n<p>Tutto pu\u00f2 essere fatto tramite pagine web integrate nell'abilis: dalla scoperta degli hub collegati, all'impostazione delle loro porte, al disegno di pannelli utente, alla scrittura di regole di automazione.<\/p>\n\n\n\n<p>Nel caso tu debba controllare pi\u00f9 installazioni, l'Abilis VPN \u00e8 pronta! Non \u00e8 necessario alcun hardware aggiuntivo!<\/p>\n\n\n\n<h3 class=\"wp-block-heading\">Riduzione dei costi<\/h3>\n\n\n\n<p>Con la sua funzionalit\u00e0 estesa, Abilis trasforma i sensori semplici in sensori intelligenti, permettendo cos\u00ec la semplificazione dei sistemi di automazione e la riduzione dei costi.<\/p>\n<\/div>\n\n\n\n<div class=\"wp-block-column is-vertically-aligned-center is-layout-flow wp-block-column-is-layout-flow\">\n<figure class=\"wp-block-image aligncenter size-full is-resized\"><img loading=\"lazy\" decoding=\"async\" width=\"450\" height=\"375\" src=\"https:\/\/abilis.net\/wp-content\/uploads\/2024\/10\/automation-3.png\" alt=\"\" class=\"wp-image-344\" style=\"width:450px\" srcset=\"https:\/\/abilis.net\/wp-content\/uploads\/2024\/10\/automation-3.png 450w, https:\/\/abilis.net\/wp-content\/uploads\/2024\/10\/automation-3-300x250.png 300w\" sizes=\"auto, (max-width: 450px) 100vw, 450px\" \/><\/figure>\n<\/div>\n<\/div>\n<\/div>\n\n\n\n<div class=\"wp-block-group alignfull separator has-ast-global-color-5-background-color has-background is-layout-constrained wp-container-core-group-is-layout-a920eb2f wp-block-group-is-layout-constrained\" id=\"about\" style=\"margin-bottom:var(--wp--preset--spacing--70);padding-top:0px;padding-bottom:120px\">\n<div class=\"wp-block-columns is-layout-flex wp-container-core-columns-is-layout-28f84493 wp-block-columns-is-layout-flex\">\n<div class=\"wp-block-column is-layout-flow wp-block-column-is-layout-flow\" style=\"flex-basis:100%\"><\/div>\n<\/div>\n\n\n\n<div class=\"wp-block-columns are-vertically-aligned-center is-layout-flex wp-container-core-columns-is-layout-7503d02c wp-block-columns-is-layout-flex\">\n<div class=\"wp-block-column is-vertically-aligned-center is-layout-flow wp-block-column-is-layout-flow\">\n<h3 class=\"wp-block-heading\" style=\"margin-top:0;margin-bottom:0\">Automazione personalizzata<\/h3>\n\n\n\n<p>Le funzioni di automazione possono essere scritte in LUA.<br>In ogni caso, i non programmatori possono scrivere regole di automazione complesse utilizzando un foglio di calcolo web collegato a sensori e attuatori.<br>Da esso, l'Abilis crea automaticamente il codice LUA.<\/p>\n\n\n\n<h3 class=\"wp-block-heading\" style=\"margin-top:0;margin-bottom:0\">Anche i telefoni possono essere dispositivi di automazione.<\/h3>\n\n\n\n<p>Abilis consente agli smartphone di visualizzare e controllare azioni tramite chiamate telefoniche, creando cos\u00ec un\u2019alternativa alla dipendenza dalle app per smartphone.<\/p>\n<\/div>\n\n\n\n<div class=\"wp-block-column is-vertically-aligned-center is-layout-flow wp-block-column-is-layout-flow\">\n<figure class=\"wp-block-image aligncenter size-full is-resized\"><img loading=\"lazy\" decoding=\"async\" width=\"369\" height=\"399\" src=\"https:\/\/abilis.net\/wp-content\/uploads\/2024\/10\/automation-4.png\" alt=\"\" class=\"wp-image-345\" style=\"width:369px\" srcset=\"https:\/\/abilis.net\/wp-content\/uploads\/2024\/10\/automation-4.png 369w, https:\/\/abilis.net\/wp-content\/uploads\/2024\/10\/automation-4-277x300.png 277w\" sizes=\"auto, (max-width: 369px) 100vw, 369px\" \/><\/figure>\n<\/div>\n<\/div>\n<\/div>","protected":false},"excerpt":{"rendered":"<p>Our solution The ABILIS automation module acts as a central controller, managing multiple wired or wireless automation hubs (\u201cslaves\u201d) that [&hellip;]<\/p>\n","protected":false},"author":1,"featured_media":0,"parent":0,"menu_order":0,"comment_status":"closed","ping_status":"closed","template":"","meta":{"site-sidebar-layout":"no-sidebar","site-content-layout":"plain-container","ast-site-content-layout":"default","site-content-style":"default","site-sidebar-style":"default","ast-global-header-display":"","ast-banner-title-visibility":"","ast-main-header-display":"","ast-hfb-above-header-display":"","ast-hfb-below-header-display":"","ast-hfb-mobile-header-display":"","site-post-title":"disabled","ast-breadcrumbs-content":"","ast-featured-img":"","footer-sml-layout":"","ast-disable-related-posts":"","theme-transparent-header-meta":"enabled","adv-header-id-meta":"","stick-header-meta":"","header-above-stick-meta":"","header-main-stick-meta":"","header-below-stick-meta":"","astra-migrate-meta-layouts":"default","ast-page-background-enabled":"default","ast-page-background-meta":{"desktop":{"background-color":"var(--ast-global-color-4)","background-image":"","background-repeat":"repeat","background-position":"center center","background-size":"auto","background-attachment":"scroll","background-type":"","background-media":"","overlay-type":"","overlay-color":"","overlay-opacity":"","overlay-gradient":""},"tablet":{"background-color":"","background-image":"","background-repeat":"repeat","background-position":"center center","background-size":"auto","background-attachment":"scroll","background-type":"","background-media":"","overlay-type":"","overlay-color":"","overlay-opacity":"","overlay-gradient":""},"mobile":{"background-color":"","background-image":"","background-repeat":"repeat","background-position":"center center","background-size":"auto","background-attachment":"scroll","background-type":"","background-media":"","overlay-type":"","overlay-color":"","overlay-opacity":"","overlay-gradient":""}},"ast-content-background-meta":{"desktop":{"background-color":"var(--ast-global-color-5)","background-image":"","background-repeat":"repeat","background-position":"center center","background-size":"auto","background-attachment":"scroll","background-type":"","background-media":"","overlay-type":"","overlay-color":"","overlay-opacity":"","overlay-gradient":""},"tablet":{"background-color":"var(--ast-global-color-5)","background-image":"","background-repeat":"repeat","background-position":"center center","background-size":"auto","background-attachment":"scroll","background-type":"","background-media":"","overlay-type":"","overlay-color":"","overlay-opacity":"","overlay-gradient":""},"mobile":{"background-color":"var(--ast-global-color-5)","background-image":"","background-repeat":"repeat","background-position":"center center","background-size":"auto","background-attachment":"scroll","background-type":"","background-media":"","overlay-type":"","overlay-color":"","overlay-opacity":"","overlay-gradient":""}},"footnotes":""},"class_list":["post-334","page","type-page","status-publish","hentry"],"_links":{"self":[{"href":"https:\/\/abilis.net\/it\/wp-json\/wp\/v2\/pages\/334","targetHints":{"allow":["GET"]}}],"collection":[{"href":"https:\/\/abilis.net\/it\/wp-json\/wp\/v2\/pages"}],"about":[{"href":"https:\/\/abilis.net\/it\/wp-json\/wp\/v2\/types\/page"}],"author":[{"embeddable":true,"href":"https:\/\/abilis.net\/it\/wp-json\/wp\/v2\/users\/1"}],"replies":[{"embeddable":true,"href":"https:\/\/abilis.net\/it\/wp-json\/wp\/v2\/comments?post=334"}],"version-history":[{"count":42,"href":"https:\/\/abilis.net\/it\/wp-json\/wp\/v2\/pages\/334\/revisions"}],"predecessor-version":[{"id":1037,"href":"https:\/\/abilis.net\/it\/wp-json\/wp\/v2\/pages\/334\/revisions\/1037"}],"wp:attachment":[{"href":"https:\/\/abilis.net\/it\/wp-json\/wp\/v2\/media?parent=334"}],"curies":[{"name":"wp","href":"https:\/\/api.w.org\/{rel}","templated":true}]}}