{"id":405,"date":"2024-10-29T09:13:00","date_gmt":"2024-10-29T09:13:00","guid":{"rendered":"https:\/\/abilis.net\/?page_id=405"},"modified":"2024-10-29T14:15:47","modified_gmt":"2024-10-29T13:15:47","slug":"client","status":"publish","type":"page","link":"https:\/\/abilis.net\/it\/client\/","title":{"rendered":"Client"},"content":{"rendered":"<div class=\"wp-block-cover alignfull is-light\" style=\"padding-bottom:var(--wp--preset--spacing--20);min-height:482px;aspect-ratio:unset;\"><span aria-hidden=\"true\" class=\"wp-block-cover__background has-ast-global-color-5-background-color has-background-dim-0 has-background-dim\"><\/span><img loading=\"lazy\" decoding=\"async\" width=\"1920\" height=\"1200\" class=\"wp-block-cover__image-background wp-image-27\" alt=\"\" src=\"https:\/\/abilis.net\/wp-content\/uploads\/2024\/10\/Background-first-section.png\" style=\"object-position:52% 64%\" data-object-fit=\"cover\" data-object-position=\"52% 64%\" srcset=\"https:\/\/abilis.net\/wp-content\/uploads\/2024\/10\/Background-first-section.png 1920w, https:\/\/abilis.net\/wp-content\/uploads\/2024\/10\/Background-first-section-300x188.png 300w, https:\/\/abilis.net\/wp-content\/uploads\/2024\/10\/Background-first-section-1024x640.png 1024w, https:\/\/abilis.net\/wp-content\/uploads\/2024\/10\/Background-first-section-768x480.png 768w, https:\/\/abilis.net\/wp-content\/uploads\/2024\/10\/Background-first-section-1536x960.png 1536w\" sizes=\"auto, (max-width: 1920px) 100vw, 1920px\" \/><div class=\"wp-block-cover__inner-container is-layout-flow wp-block-cover-is-layout-flow\">\n<h2 class=\"wp-block-heading has-text-align-center has-text-color has-link-color wp-elements-966c3993b1c24ea5877189c12620c81e translation-block\" style=\"color:#5c5f6e\"><strong>Abilis<\/strong> \u00e8 adatto alla mia azienda?<\/h2>\n<\/div><\/div>\n\n\n\n<div class=\"wp-block-group alignfull separator has-ast-global-color-5-background-color has-background is-layout-constrained wp-container-core-group-is-layout-bbe82581 wp-block-group-is-layout-constrained\" style=\"padding-top:62px;padding-bottom:120px\">\n<h3 class=\"wp-block-heading\">Panoramica<\/h3>\n\n\n\n<div class=\"wp-block-columns are-vertically-aligned-top is-layout-flex wp-container-core-columns-is-layout-7503d02c wp-block-columns-is-layout-flex\">\n<div class=\"wp-block-column is-vertically-aligned-top is-layout-flow wp-block-column-is-layout-flow\">\n<div class=\"wp-block-group shadow is-layout-constrained wp-container-core-group-is-layout-7a8203c0 wp-block-group-is-layout-constrained\" style=\"border-radius:24px;padding-top:var(--wp--preset--spacing--50);padding-right:var(--wp--preset--spacing--50);padding-bottom:var(--wp--preset--spacing--40);padding-left:var(--wp--preset--spacing--50)\">\n<p><strong>Abilis \u00e8 ideale per<\/strong><\/p>\n\n\n\n<p>Clienti che possono trarre vantaggio dal contatto diretto con il progettista del prodotto. <\/p>\n\n\n\n<p>Manager che preferiscono l'innovazione progressiva, fatturata come pay-per use, piuttosto che impegnarsi in grandi revisioni della rete che richiedono elevati investimenti iniziali. <\/p>\n\n\n\n<p>Le aziende devono affrontare spese elevate per le telecomunicazioni. <\/p>\n\n\n\n<p>Le aziende devono affrontare spese elevate per le telecomunicazioni.<\/p>\n<\/div>\n<\/div>\n\n\n\n<div class=\"wp-block-column is-vertically-aligned-top is-layout-flow wp-block-column-is-layout-flow\">\n<div class=\"wp-block-group shadow is-layout-constrained wp-container-core-group-is-layout-7a8203c0 wp-block-group-is-layout-constrained\" style=\"border-radius:24px;padding-top:var(--wp--preset--spacing--50);padding-right:var(--wp--preset--spacing--50);padding-bottom:var(--wp--preset--spacing--40);padding-left:var(--wp--preset--spacing--50)\">\n<p><strong>Abilis non \u00e8 ottimale per<\/strong><\/p>\n\n\n\n<p>Piccole aziende e residenze (a meno che non siano organizzate in gruppi pi\u00f9 grandi). <\/p>\n\n\n\n<p>Gli utenti che non vedono alcun beneficio dalla convergenza tra computer e comunicazioni. <\/p>\n\n\n\n<p>Le aziende che preferiscono esternalizzare interamente i propri sistemi informatici e di telecomunicazione e la loro gestione.<\/p>\n<\/div>\n<\/div>\n<\/div>\n<\/div>\n\n\n\n<div class=\"wp-block-group alignfull separator has-ast-global-color-5-background-color has-background is-layout-constrained wp-container-core-group-is-layout-bbe82581 wp-block-group-is-layout-constrained\" style=\"padding-top:62px;padding-bottom:120px\">\n<h3 class=\"wp-block-heading\">Aziende multisito<\/h3>\n\n\n\n<div class=\"wp-block-columns is-layout-flex wp-container-core-columns-is-layout-7503d02c wp-block-columns-is-layout-flex\">\n<div class=\"wp-block-column is-vertically-aligned-center is-layout-flow wp-block-column-is-layout-flow\">\n<div class=\"wp-block-group shadow is-layout-constrained wp-container-core-group-is-layout-7a8203c0 wp-block-group-is-layout-constrained\" style=\"border-radius:24px;padding-top:var(--wp--preset--spacing--50);padding-right:var(--wp--preset--spacing--50);padding-bottom:var(--wp--preset--spacing--40);padding-left:var(--wp--preset--spacing--50)\">\n<p><strong>VPN<\/strong><\/p>\n\n\n\n<p>Abilis \u00e8 in grado di creare VPN per dati, voce e video crittografati e garantisce l'assenza di perdite di prestazioni. <\/p>\n\n\n\n<p>Qualit\u00e0 del servizio, bilanciamento del carico, backup automatico, compressione dei dati, modellazione del traffico IP, firewalling e analisi del traffico (sia in tempo reale che storico) si ottengono con un unico dispositivo.<\/p>\n<\/div>\n<\/div>\n\n\n\n<div class=\"wp-block-column is-vertically-aligned-center is-layout-flow wp-block-column-is-layout-flow\">\n<div class=\"wp-block-group shadow is-layout-constrained wp-container-core-group-is-layout-7a8203c0 wp-block-group-is-layout-constrained\" style=\"border-radius:24px;padding-top:var(--wp--preset--spacing--50);padding-right:var(--wp--preset--spacing--50);padding-bottom:var(--wp--preset--spacing--40);padding-left:var(--wp--preset--spacing--50)\">\n<p><strong>Macchine virtuali <\/strong><\/p>\n\n\n\n<p>VMX combina le caratteristiche standard di Abilis CPX con una piattaforma per ospitare software Linux o Windows. <\/p>\n\n\n\n<p>In questo modo \u00e8 possibile raggruppare Router, Firewall, PBX, VoIP Gway, Software di contabilit\u00e0, File e MailServer e molti altri servizi aziendali in un unico dispositivo, riducendo i costi di manutenzione.<\/p>\n<\/div>\n<\/div>\n<\/div>\n\n\n\n<div class=\"wp-block-group shadow is-layout-constrained wp-container-core-group-is-layout-f611be13 wp-block-group-is-layout-constrained\" style=\"padding-top:var(--wp--preset--spacing--50);padding-right:var(--wp--preset--spacing--50);padding-bottom:var(--wp--preset--spacing--50);padding-left:var(--wp--preset--spacing--50)\">\n<p><strong>Soft PBX<\/strong><\/p>\n\n\n\n<p>Il risponditore vocale interattivo, la rubrica elettronica, le liste bianche e nere, i trasferimenti di chiamata condizionati, la segreteria telefonica, tutte queste funzioni contribuiscono a ridurre il fabbisogno di manodopera delle vostre linee telefoniche. Tutte queste funzioni sono disponibili per tutti i telefoni collegati ad Abilis, compresi gli smartphone grazie all'applicazione Abilisphone.<\/p>\n<\/div>\n<\/div>\n\n\n\n<div class=\"wp-block-group alignfull separator has-ast-global-color-5-background-color has-background is-layout-constrained wp-container-core-group-is-layout-bbe82581 wp-block-group-is-layout-constrained\" style=\"padding-top:62px;padding-bottom:120px\">\n<h3 class=\"wp-block-heading\"><strong>Vettori VoIP e integratori di sistemi<\/strong><\/h3>\n\n\n\n<div class=\"wp-block-columns is-layout-flex wp-container-core-columns-is-layout-7503d02c wp-block-columns-is-layout-flex\">\n<div class=\"wp-block-column is-vertically-aligned-center is-layout-flow wp-block-column-is-layout-flow\">\n<div class=\"wp-block-group shadow is-layout-constrained wp-container-core-group-is-layout-7a8203c0 wp-block-group-is-layout-constrained\" style=\"border-radius:24px;padding-top:var(--wp--preset--spacing--50);padding-right:var(--wp--preset--spacing--50);padding-bottom:var(--wp--preset--spacing--40);padding-left:var(--wp--preset--spacing--50)\">\n<p><strong>Vettori VoIP<\/strong><\/p>\n\n\n\n<p>Offrono servizi unici come il backup automatico su ISDN e l'integrazione della telefonia fissa e mobile senza dover ottenere la licenza VMO. <\/p>\n\n\n\n<p>La stessa affidabilit\u00e0\/qualit\u00e0 dell'ISDN, l'installazione senza problemi e le funzioni complete facilitano notevolmente il passaggio al VoIP da parte delle grandi aziende.<\/p>\n<\/div>\n<\/div>\n\n\n\n<div class=\"wp-block-column is-vertically-aligned-center is-layout-flow wp-block-column-is-layout-flow\">\n<div class=\"wp-block-group shadow is-layout-constrained wp-container-core-group-is-layout-7a8203c0 wp-block-group-is-layout-constrained\" style=\"border-radius:24px;padding-top:var(--wp--preset--spacing--50);padding-right:var(--wp--preset--spacing--50);padding-bottom:var(--wp--preset--spacing--40);padding-left:var(--wp--preset--spacing--50)\">\n<p><strong>Integratori di sistema<\/strong><\/p>\n\n\n\n<p>Abilis permette di costruire sistemi affidabili e semplici per la comunicazione integrata e per l'automazione degli edifici, contando sulla collaborazione diretta con gli sviluppatori Abilis per ottenere un vantaggio sulla concorrenza. <\/p>\n\n\n\n<p>Grazie ad Abilis, SI \u00e8 in grado di competere con i leader di mercato sostenendo costi molto pi\u00f9 bassi.<\/p>\n<\/div>\n<\/div>\n<\/div>\n<\/div>\n\n\n\n<div class=\"wp-block-group alignfull separator has-ast-global-color-5-background-color has-background is-layout-constrained wp-container-core-group-is-layout-bbe82581 wp-block-group-is-layout-constrained\" style=\"padding-top:62px;padding-bottom:120px\">\n<h3 class=\"wp-block-heading\"><strong>Comunit\u00e0<\/strong><\/h3>\n\n\n\n<div class=\"wp-block-columns are-vertically-aligned-bottom is-layout-flex wp-container-core-columns-is-layout-7503d02c wp-block-columns-is-layout-flex\">\n<div class=\"wp-block-column is-vertically-aligned-bottom is-layout-flow wp-block-column-is-layout-flow\">\n<div class=\"wp-block-group shadow is-layout-constrained wp-container-core-group-is-layout-7a8203c0 wp-block-group-is-layout-constrained\" style=\"border-radius:24px;padding-top:var(--wp--preset--spacing--50);padding-right:var(--wp--preset--spacing--50);padding-bottom:var(--wp--preset--spacing--40);padding-left:var(--wp--preset--spacing--50)\">\n<p><strong>Comuni<\/strong><\/p>\n\n\n\n<p>Collegare diversi reparti a una VPN comune e a una rete telefonica computerizzata condivisa, assegnando numeri telefonici DDI a ciascuna entit\u00e0. <\/p>\n\n\n\n<p>Le spese di telecomunicazione possono essere monitorate tempestivamente e attivamente e diversi servizi postali costosi possono essere sostituiti da SMS ed e-mail automatizzati pi\u00f9 economici.<\/p>\n<\/div>\n<\/div>\n\n\n\n<div class=\"wp-block-column is-vertically-aligned-bottom is-layout-flow wp-block-column-is-layout-flow\">\n<div class=\"wp-block-group shadow is-layout-constrained wp-container-core-group-is-layout-7a8203c0 wp-block-group-is-layout-constrained\" style=\"border-radius:24px;padding-top:var(--wp--preset--spacing--50);padding-right:var(--wp--preset--spacing--50);padding-bottom:var(--wp--preset--spacing--40);padding-left:var(--wp--preset--spacing--50)\">\n<p><strong>Eliminare il divario digitale<\/strong><\/p>\n\n\n\n<p>Le case o le aziende situate in aree remote possono connettersi ai provider Internet pur trovandosi al di fuori della loro area di copertura, utilizzando collegamenti wireless esterni che, una volta stabiliti, non costano nulla in termini di manutenzione. <\/p>\n\n\n\n<p>Questo sistema pu\u00f2 essere esteso per creare una rete di ponti wireless, in modo da fornire Internet a intere comunit\u00e0 dove in precedenza non era disponibile alcun accesso a Internet.<\/p>\n<\/div>\n<\/div>\n<\/div>\n\n\n\n<div class=\"wp-block-group shadow is-layout-constrained wp-container-core-group-is-layout-f611be13 wp-block-group-is-layout-constrained\" style=\"padding-top:var(--wp--preset--spacing--50);padding-right:var(--wp--preset--spacing--50);padding-bottom:var(--wp--preset--spacing--50);padding-left:var(--wp--preset--spacing--50)\">\n<p><strong>Associazioni di utenti<\/strong><\/p>\n\n\n\n<p>Abilis consente di ridurre i costi condividendo un certo numero di linee Internet in bundle, ottenendo l'accesso alla telefonia mobile a basso costo, eliminando i canoni delle linee fisse e trasferendo i numeri di telefono fissi a un operatore VoIP.<\/p>\n\n\n\n<p>This solution is practical for many situations such as shops in a commercial centre, factories in an industrial zone, families in a residential building or households in a village: a single Abilis device supports the whole group.<\/p>\n<\/div>\n<\/div>\n\n\n\n<div class=\"wp-block-group alignfull separator has-ast-global-color-5-background-color has-background is-layout-constrained wp-container-core-group-is-layout-43d84c2b wp-block-group-is-layout-constrained\" style=\"margin-bottom:var(--wp--preset--spacing--60);padding-top:62px;padding-bottom:120px\">\n<h3 class=\"wp-block-heading\"><strong>Configurazioni mobili\/remoto<\/strong><\/h3>\n\n\n\n<div class=\"wp-block-columns are-vertically-aligned-bottom is-layout-flex wp-container-core-columns-is-layout-7503d02c wp-block-columns-is-layout-flex\">\n<div class=\"wp-block-column is-vertically-aligned-bottom is-layout-flow wp-block-column-is-layout-flow\">\n<div class=\"wp-block-group shadow is-layout-constrained wp-container-core-group-is-layout-7a8203c0 wp-block-group-is-layout-constrained\" style=\"border-radius:24px;padding-top:var(--wp--preset--spacing--50);padding-right:var(--wp--preset--spacing--50);padding-bottom:var(--wp--preset--spacing--40);padding-left:var(--wp--preset--spacing--50)\">\n<p><strong>Veicoli<\/strong><\/p>\n\n\n\n<p>La tecnologia Abilis permette di collegare in modo efficiente e rapido qualsiasi veicolo alla propria sede centrale con servizi voce, dati e video, utilizzando esclusivamente la copertura Internet mobile GSM disponibile.<\/p>\n\n\n\n<p>I quartieri generali sono anche in grado di leggere la posizione geografica dei loro veicoli e le informazioni disponibili dal computer di bordo del veicolo.<\/p>\n\n\n\n<p>Quando \u00e8 richiesto un alto livello di continuit\u00e0, Abilis pu\u00f2 collegare il veicolo a pi\u00f9 di una rete mobile.<\/p>\n<\/div>\n<\/div>\n\n\n\n<div class=\"wp-block-column is-vertically-aligned-bottom is-layout-flow wp-block-column-is-layout-flow\">\n<div class=\"wp-block-group shadow is-layout-constrained wp-container-core-group-is-layout-7a8203c0 wp-block-group-is-layout-constrained\" style=\"border-radius:24px;padding-top:var(--wp--preset--spacing--50);padding-right:var(--wp--preset--spacing--50);padding-bottom:var(--wp--preset--spacing--40);padding-left:var(--wp--preset--spacing--50)\">\n<p><strong>Installazioni remote<\/strong><\/p>\n\n\n\n<p>I dispositivi Abilis sono stati utilizzati con successo sulle piattaforme marine e nelle spedizioni esplorative in Himalaya e in Amazzonia, in quanto le unit\u00e0 possono essere facilmente collegate a qualsiasi radio terrestre o satellitare.<\/p>\n\n\n\n<p>La potenza elettrica richiesta pu\u00f2 essere di soli 10 watt e la quantit\u00e0 di banda richiesta pu\u00f2 essere di soli 6400 bit\/sec, coprendo comunque sia la voce che i dati.<\/p>\n<\/div>\n<\/div>\n<\/div>\n\n\n\n<div class=\"wp-block-group shadow is-layout-constrained wp-container-core-group-is-layout-f611be13 wp-block-group-is-layout-constrained\" style=\"padding-top:var(--wp--preset--spacing--50);padding-right:var(--wp--preset--spacing--50);padding-bottom:var(--wp--preset--spacing--50);padding-left:var(--wp--preset--spacing--50)\">\n<p><strong>Installazioni temporanee<\/strong><\/p>\n\n\n\n<p>Le installazioni temporanee, come i cantieri, possono richiedere molte risorse di telecomunicazione.<\/p>\n\n\n\n<p>Abilis risparmia il tempo necessario per ottenere una connessione alla rete fissa ed evita costose spese di installazione.<\/p>\n<\/div>\n<\/div>","protected":false},"excerpt":{"rendered":"<p>Overview Abilis is ideal for Customers who can benefit from direct contact with the product&#8217;s designer Managers who prefer progressive [&hellip;]<\/p>\n","protected":false},"author":1,"featured_media":0,"parent":0,"menu_order":0,"comment_status":"closed","ping_status":"closed","template":"","meta":{"site-sidebar-layout":"no-sidebar","site-content-layout":"plain-container","ast-site-content-layout":"default","site-content-style":"default","site-sidebar-style":"default","ast-global-header-display":"","ast-banner-title-visibility":"","ast-main-header-display":"","ast-hfb-above-header-display":"","ast-hfb-below-header-display":"","ast-hfb-mobile-header-display":"","site-post-title":"disabled","ast-breadcrumbs-content":"","ast-featured-img":"","footer-sml-layout":"","ast-disable-related-posts":"","theme-transparent-header-meta":"enabled","adv-header-id-meta":"","stick-header-meta":"","header-above-stick-meta":"","header-main-stick-meta":"","header-below-stick-meta":"","astra-migrate-meta-layouts":"default","ast-page-background-enabled":"default","ast-page-background-meta":{"desktop":{"background-color":"var(--ast-global-color-4)","background-image":"","background-repeat":"repeat","background-position":"center center","background-size":"auto","background-attachment":"scroll","background-type":"","background-media":"","overlay-type":"","overlay-color":"","overlay-opacity":"","overlay-gradient":""},"tablet":{"background-color":"","background-image":"","background-repeat":"repeat","background-position":"center center","background-size":"auto","background-attachment":"scroll","background-type":"","background-media":"","overlay-type":"","overlay-color":"","overlay-opacity":"","overlay-gradient":""},"mobile":{"background-color":"","background-image":"","background-repeat":"repeat","background-position":"center center","background-size":"auto","background-attachment":"scroll","background-type":"","background-media":"","overlay-type":"","overlay-color":"","overlay-opacity":"","overlay-gradient":""}},"ast-content-background-meta":{"desktop":{"background-color":"var(--ast-global-color-5)","background-image":"","background-repeat":"repeat","background-position":"center center","background-size":"auto","background-attachment":"scroll","background-type":"","background-media":"","overlay-type":"","overlay-color":"","overlay-opacity":"","overlay-gradient":""},"tablet":{"background-color":"var(--ast-global-color-5)","background-image":"","background-repeat":"repeat","background-position":"center center","background-size":"auto","background-attachment":"scroll","background-type":"","background-media":"","overlay-type":"","overlay-color":"","overlay-opacity":"","overlay-gradient":""},"mobile":{"background-color":"var(--ast-global-color-5)","background-image":"","background-repeat":"repeat","background-position":"center center","background-size":"auto","background-attachment":"scroll","background-type":"","background-media":"","overlay-type":"","overlay-color":"","overlay-opacity":"","overlay-gradient":""}},"footnotes":""},"class_list":["post-405","page","type-page","status-publish","hentry"],"_links":{"self":[{"href":"https:\/\/abilis.net\/it\/wp-json\/wp\/v2\/pages\/405","targetHints":{"allow":["GET"]}}],"collection":[{"href":"https:\/\/abilis.net\/it\/wp-json\/wp\/v2\/pages"}],"about":[{"href":"https:\/\/abilis.net\/it\/wp-json\/wp\/v2\/types\/page"}],"author":[{"embeddable":true,"href":"https:\/\/abilis.net\/it\/wp-json\/wp\/v2\/users\/1"}],"replies":[{"embeddable":true,"href":"https:\/\/abilis.net\/it\/wp-json\/wp\/v2\/comments?post=405"}],"version-history":[{"count":14,"href":"https:\/\/abilis.net\/it\/wp-json\/wp\/v2\/pages\/405\/revisions"}],"predecessor-version":[{"id":532,"href":"https:\/\/abilis.net\/it\/wp-json\/wp\/v2\/pages\/405\/revisions\/532"}],"wp:attachment":[{"href":"https:\/\/abilis.net\/it\/wp-json\/wp\/v2\/media?parent=405"}],"curies":[{"name":"wp","href":"https:\/\/api.w.org\/{rel}","templated":true}]}}