{"id":562,"date":"2024-10-30T10:03:01","date_gmt":"2024-10-30T09:03:01","guid":{"rendered":"https:\/\/abilis.net\/?page_id=562"},"modified":"2025-05-22T11:32:01","modified_gmt":"2025-05-22T10:32:01","slug":"contact","status":"publish","type":"page","link":"https:\/\/abilis.net\/it\/contact\/","title":{"rendered":"Contatto"},"content":{"rendered":"<div class=\"wp-block-cover alignfull is-light\" style=\"padding-top:var(--wp--preset--spacing--80);padding-bottom:var(--wp--preset--spacing--80);min-height:428px;aspect-ratio:unset;\"><img loading=\"lazy\" decoding=\"async\" width=\"1920\" height=\"1200\" class=\"wp-block-cover__image-background wp-image-27\" alt=\"\" src=\"https:\/\/abilis.net\/wp-content\/uploads\/2024\/10\/Background-first-section.png\" style=\"object-position:51% 60%\" data-object-fit=\"cover\" data-object-position=\"51% 60%\" srcset=\"https:\/\/abilis.net\/wp-content\/uploads\/2024\/10\/Background-first-section.png 1920w, https:\/\/abilis.net\/wp-content\/uploads\/2024\/10\/Background-first-section-300x188.png 300w, https:\/\/abilis.net\/wp-content\/uploads\/2024\/10\/Background-first-section-1024x640.png 1024w, https:\/\/abilis.net\/wp-content\/uploads\/2024\/10\/Background-first-section-768x480.png 768w, https:\/\/abilis.net\/wp-content\/uploads\/2024\/10\/Background-first-section-1536x960.png 1536w\" sizes=\"auto, (max-width: 1920px) 100vw, 1920px\" \/><span aria-hidden=\"true\" class=\"wp-block-cover__background has-ast-global-color-5-background-color has-background-dim-0 has-background-dim\"><\/span><div class=\"wp-block-cover__inner-container is-layout-flow wp-block-cover-is-layout-flow\">\n<div class=\"wp-block-group is-layout-constrained wp-block-group-is-layout-constrained\" style=\"padding-top:var(--wp--preset--spacing--80)\">\n<div class=\"wp-block-columns are-vertically-aligned-bottom is-layout-flex wp-container-core-columns-is-layout-28f84493 wp-block-columns-is-layout-flex\">\n<div class=\"wp-block-column is-vertically-aligned-bottom is-layout-flow wp-block-column-is-layout-flow\">\n<p class=\"has-text-align-left has-text-color has-link-color wp-elements-7bdd024c2bdf4e3aebf1bc42f358d0a0 wp-container-content-69bc4bdf\" style=\"color:#5c5f6e;padding-right:0;padding-left:0\">Se avete domande sui nostri prodotti, se avete bisogno di supporto o se volete saperne di pi\u00f9 su come Abilis pu\u00f2 aiutare la vostra attivit\u00e0, non esitate a<\/p>\n<\/div>\n\n\n\n<div class=\"wp-block-column is-vertically-aligned-bottom is-layout-flow wp-block-column-is-layout-flow\"><\/div>\n<\/div>\n\n\n\n<div class=\"wp-block-group is-layout-constrained wp-block-group-is-layout-constrained\">\n<div class=\"wp-block-columns are-vertically-aligned-top is-layout-flex wp-container-core-columns-is-layout-28232c24 wp-block-columns-is-layout-flex\">\n<div class=\"wp-block-column is-vertically-aligned-top is-layout-flow wp-block-column-is-layout-flow\" style=\"flex-basis:30%\">\n<div class=\"wp-block-group is-layout-constrained wp-container-core-group-is-layout-c06d165c wp-block-group-is-layout-constrained\" style=\"padding-top:0;padding-right:0;padding-bottom:0;padding-left:0\">\n<h3 class=\"wp-block-heading\">Contattateci!<\/h3>\n\n\n\n<p class=\"has-text-color has-link-color wp-elements-dacbfbb873937bd0c4225ac5034abc91\" style=\"color:#5c5f6e;font-style:normal;font-weight:400\"><strong>Telefono<\/strong>: <a href=\"tel:+3903761626200\">+39 0376 16262 00<\/a><br><strong>Fax<\/strong>: +39 0376 397925<br><strong>Email<\/strong>: <a href=\"mailto:info@antek.it\">info@antek.it<\/a><br><strong>Sito web<\/strong>: <a href=\"https:\/\/abilis.net\/it\/\">www.abilis.net<\/a><\/p>\n<\/div>\n<\/div>\n\n\n\n<div class=\"wp-block-column is-vertically-aligned-top is-layout-flow wp-block-column-is-layout-flow\">\n<div><iframe src=\"https:\/\/maps.google.com\/maps?q=Via+Manzoni+49+Porto+Mantovano%2C+Italy&amp;z=15&amp;t=m&amp;output=embed\" style=\"border:0;height:265px;width:100%\"><\/iframe><\/div>\n<\/div>\n\n\n\n<div class=\"wp-block-column is-layout-flow wp-block-column-is-layout-flow\">\n<figure class=\"wp-block-image size-large\"><img loading=\"lazy\" decoding=\"async\" width=\"1024\" height=\"575\" src=\"https:\/\/abilis.net\/wp-content\/uploads\/2024\/12\/IMG-2646-edited-1024x575.jpg\" alt=\"\" class=\"wp-image-978\" srcset=\"https:\/\/abilis.net\/wp-content\/uploads\/2024\/12\/IMG-2646-edited-1024x575.jpg 1024w, https:\/\/abilis.net\/wp-content\/uploads\/2024\/12\/IMG-2646-edited-300x169.jpg 300w, https:\/\/abilis.net\/wp-content\/uploads\/2024\/12\/IMG-2646-edited-768x432.jpg 768w, https:\/\/abilis.net\/wp-content\/uploads\/2024\/12\/IMG-2646-edited-18x10.jpg 18w, https:\/\/abilis.net\/wp-content\/uploads\/2024\/12\/IMG-2646-edited.jpg 1107w\" sizes=\"auto, (max-width: 1024px) 100vw, 1024px\" \/><\/figure>\n<\/div>\n<\/div>\n<\/div>\n<\/div>\n<\/div><\/div>","protected":false},"excerpt":{"rendered":"","protected":false},"author":1,"featured_media":0,"parent":0,"menu_order":0,"comment_status":"closed","ping_status":"closed","template":"","meta":{"site-sidebar-layout":"no-sidebar","site-content-layout":"plain-container","ast-site-content-layout":"default","site-content-style":"default","site-sidebar-style":"default","ast-global-header-display":"","ast-banner-title-visibility":"","ast-main-header-display":"","ast-hfb-above-header-display":"","ast-hfb-below-header-display":"","ast-hfb-mobile-header-display":"","site-post-title":"disabled","ast-breadcrumbs-content":"","ast-featured-img":"","footer-sml-layout":"","ast-disable-related-posts":"","theme-transparent-header-meta":"enabled","adv-header-id-meta":"","stick-header-meta":"","header-above-stick-meta":"","header-main-stick-meta":"","header-below-stick-meta":"","astra-migrate-meta-layouts":"default","ast-page-background-enabled":"default","ast-page-background-meta":{"desktop":{"background-color":"var(--ast-global-color-4)","background-image":"","background-repeat":"repeat","background-position":"center center","background-size":"auto","background-attachment":"scroll","background-type":"","background-media":"","overlay-type":"","overlay-color":"","overlay-opacity":"","overlay-gradient":""},"tablet":{"background-color":"","background-image":"","background-repeat":"repeat","background-position":"center center","background-size":"auto","background-attachment":"scroll","background-type":"","background-media":"","overlay-type":"","overlay-color":"","overlay-opacity":"","overlay-gradient":""},"mobile":{"background-color":"","background-image":"","background-repeat":"repeat","background-position":"center center","background-size":"auto","background-attachment":"scroll","background-type":"","background-media":"","overlay-type":"","overlay-color":"","overlay-opacity":"","overlay-gradient":""}},"ast-content-background-meta":{"desktop":{"background-color":"var(--ast-global-color-5)","background-image":"","background-repeat":"repeat","background-position":"center center","background-size":"auto","background-attachment":"scroll","background-type":"","background-media":"","overlay-type":"","overlay-color":"","overlay-opacity":"","overlay-gradient":""},"tablet":{"background-color":"var(--ast-global-color-5)","background-image":"","background-repeat":"repeat","background-position":"center center","background-size":"auto","background-attachment":"scroll","background-type":"","background-media":"","overlay-type":"","overlay-color":"","overlay-opacity":"","overlay-gradient":""},"mobile":{"background-color":"var(--ast-global-color-5)","background-image":"","background-repeat":"repeat","background-position":"center center","background-size":"auto","background-attachment":"scroll","background-type":"","background-media":"","overlay-type":"","overlay-color":"","overlay-opacity":"","overlay-gradient":""}},"footnotes":""},"class_list":["post-562","page","type-page","status-publish","hentry"],"_links":{"self":[{"href":"https:\/\/abilis.net\/it\/wp-json\/wp\/v2\/pages\/562","targetHints":{"allow":["GET"]}}],"collection":[{"href":"https:\/\/abilis.net\/it\/wp-json\/wp\/v2\/pages"}],"about":[{"href":"https:\/\/abilis.net\/it\/wp-json\/wp\/v2\/types\/page"}],"author":[{"embeddable":true,"href":"https:\/\/abilis.net\/it\/wp-json\/wp\/v2\/users\/1"}],"replies":[{"embeddable":true,"href":"https:\/\/abilis.net\/it\/wp-json\/wp\/v2\/comments?post=562"}],"version-history":[{"count":30,"href":"https:\/\/abilis.net\/it\/wp-json\/wp\/v2\/pages\/562\/revisions"}],"predecessor-version":[{"id":1040,"href":"https:\/\/abilis.net\/it\/wp-json\/wp\/v2\/pages\/562\/revisions\/1040"}],"wp:attachment":[{"href":"https:\/\/abilis.net\/it\/wp-json\/wp\/v2\/media?parent=562"}],"curies":[{"name":"wp","href":"https:\/\/api.w.org\/{rel}","templated":true}]}}